{"id":1465,"date":"2023-05-09T08:47:12","date_gmt":"2023-05-09T07:47:12","guid":{"rendered":"https:\/\/www.forbiz.si\/domov\/"},"modified":"2025-06-05T15:07:45","modified_gmt":"2025-06-05T13:07:45","slug":"domov","status":"publish","type":"page","link":"https:\/\/www.forbiz.si\/sr\/","title":{"rendered":"Kuc\u0301a"},"content":{"rendered":"<div class=\"wpb-content-wrapper\"><p>[vc_row full_width=&#8220;stretch_row&#8220; imgs=&#8220;523&#8243; el_class=&#8220;main-banner&#8220; css=&#8220;.vc_custom_1749128826353{background-image: url(https:\/\/www.forbiz.si\/wp-content\/uploads\/2025\/06\/forbiz-vstopna1-scaled-e1749029703543.jpg?id=2011) !important;}&#8220;][vc_column][vc_row_inner][vc_column_inner width=&#8220;1\/2&#8243; offset=&#8220;vc_col-lg-6 vc_col-md-6&#8243;][\/vc_column_inner][vc_column_inner width=&#8220;1\/2&#8243; offset=&#8220;vc_col-lg-6 vc_col-md-6&#8243;][\/vc_column_inner][\/vc_row_inner][\/vc_column][\/vc_row][vc_row css_animation=&#8220;none&#8220; el_class=&#8220;main-banner-title&#8220;][vc_column][vc_column_text el_class=&#8220;h1-lined&#8220;]<\/p>\n<h1 style=\"text-align: center;\">Prevoz te\u010dnih namirnica i silos prevozi<\/h1>\n<p>[\/vc_column_text][\/vc_column][\/vc_row][vc_row css_animation=&#8220;fadeInUp&#8220; el_class=&#8220;hsec&#8220;][vc_column width=&#8220;1\/2&#8243;][vc_single_image image=&#8220;1982&#8243;][\/vc_column][vc_column width=&#8220;1\/2&#8243;][vc_column_text el_class=&#8220;h2-lined&#8220;]<\/p>\n<h2 style=\"text-align: left;\">Transport cisternama<\/h2>\n<p>[\/vc_column_text][vc_column_text]Logisti\u010dari u celoj Evropi nas cene, jer garantujemo higijenski besprekoran, brz i pouzdan prevoz mleka, ulja (palmino, kokosovo ulje itd.), \u010dokolade, glukoznih i fruktoznih sirupa, kategorije ADR-3 kao \u0161to su vino, vinski destilati, druga alkoholna pi\u0107a i etanol.[\/vc_column_text]\t\t\n\t\t<a href=\"https:\/\/www.forbiz.si\/sr\/transport-cisternama\/\" target=\"\" class=\"btn  btn-default btn-lg \" id=\"\">Pro\u010ditajte vi\u0161e<\/a>\n\n\t\t[\/vc_column][\/vc_row][vc_row css_animation=&#8220;fadeInUp&#8220; el_class=&#8220;hsec column-reverse&#8220;][vc_column width=&#8220;1\/2&#8243;][vc_column_text el_class=&#8220;h2-lined&#8220;]<\/p>\n<h2 style=\"text-align: left;\">Silos transport<\/h2>\n<p>[\/vc_column_text][vc_column_text]Specijalizovani smo za siguran i efikasan prevoz razli\u010ditih sirovina i materijala u silosima po celoj Evropi. Na\u0161e usluge su koncipirane tako da ispunjavaju potrebe stranki u razli\u010ditim granama u kojima je potrebna pouzdanost prevoza i skladi\u0161tenja.[\/vc_column_text]\t\t\n\t\t<a href=\"https:\/\/www.forbiz.si\/sr\/silos-transport\/\" target=\"\" class=\"btn  btn-default btn-lg \" id=\"\">Pro\u010ditajte vi\u0161e<\/a>\n\n\t\t[\/vc_column][vc_column width=&#8220;1\/2&#8243;][vc_single_image image=&#8220;1987&#8243;][\/vc_column][\/vc_row][vc_row css_animation=&#8220;fadeInUp&#8220; el_class=&#8220;hsec&#8220;][vc_column width=&#8220;1\/2&#8243;][vc_single_image image=&#8220;2003&#8243;][\/vc_column][vc_column width=&#8220;1\/2&#8243;][vc_column_text el_class=&#8220;h2-lined&#8220;]<\/p>\n<h2 style=\"text-align: left;\">Prikupljanje i prevoz mleka<\/h2>\n<p>[\/vc_column_text][vc_column_text]Prikupljanje mleka kod poljoprivrednika je va\u017ean deo logisti\u010dkog procesa u preradi mleka. Za taj osetljivi zadatak imamo ve\u0107i broj specijalizovanih vozila. Veliku pa\u017enju pridajemo preciznom merenju koje je u prevozu mleka klju\u010dno.[\/vc_column_text]\t\t\n\t\t<a href=\"https:\/\/www.forbiz.si\/sr\/prikupljanje-i-prevoz-mleka\/\" target=\"\" class=\"btn  btn-default btn-lg \" id=\"\">Pro\u010ditajte vi\u0161e<\/a>\n\n\t\t[\/vc_column][\/vc_row][vc_row css_animation=&#8220;fadeInUp&#8220; el_class=&#8220;hsec column-reverse&#8220;][vc_column width=&#8220;1\/2&#8243;][vc_column_text el_class=&#8220;h2-lined&#8220;]<\/p>\n<h2 style=\"text-align: left;\">Perionica cisterni<\/h2>\n<p>[\/vc_column_text][vc_column_text]U sklopu na\u0161eg logisti\u010dkog centra u funkciji je sertifikovana perionica za cisterne. Na\u0107i \u0107ete je u Naklu, blizu skretanja s autoputa E61 koji povezuje Ljubljanu s tunelom Karavanke.[\/vc_column_text]\t\t\n\t\t<a href=\"https:\/\/www.forbiz.si\/sr\/perionica-cisterni\/\" target=\"\" class=\"btn  btn-default btn-lg \" id=\"\">Pro\u010ditajte vi\u0161e<\/a>\n\n\t\t[\/vc_column][vc_column width=&#8220;1\/2&#8243;][vc_single_image image=&#8220;1954&#8243;][\/vc_column][\/vc_row][vc_row full_width=&#8220;stretch_row&#8220; el_class=&#8220;sp-gray-bg&#8220;][vc_column][vc_row_inner el_class=&#8220;hsec hsecimgleft hsec2&#8243;][vc_column_inner width=&#8220;1\/2&#8243;][vc_single_image image=&#8220;1217&#8243;][\/vc_column_inner][vc_column_inner width=&#8220;1\/2&#8243;][vc_column_text el_class=&#8220;h2-lined&#8220;]<\/p>\n<h2 style=\"text-align: left;\">Prevoz po Evropi<\/h2>\n<p>[\/vc_column_text][vc_column_text]Klju\u010dna prednost na\u0161e firme je strate\u0161ki povoljna lokacija . Nalazimo se u Sloveniji, preciznije izme\u0111u Ljubljane i tunela Karavanke, \u0161to zna\u010di da smo prakti\u010dno u centru Evrope. Ovaj izuzetni geografski polo\u017eaj nam omogu\u0107ava da budemo potpuno povezani s glavnim evropskim trgova\u010dkim putevima. Budu\u0107i da smo veoma blizu Be\u010da i Trsta, predstavljamo most za \u0161irenje poslovanja u celom regionu.[\/vc_column_text]\t\t\n\t\t<a href=\"https:\/\/www.forbiz.si\/sr\/o-nama\/\" target=\"\" class=\"btn  btn-default btn-lg \" id=\"\">Pro\u010ditajte vi\u0161e<\/a>\n\n\t\t[\/vc_column_inner][\/vc_row_inner][vc_row el_class=\"logo-belt\"][vc_column]\t\t<script type=\"text\/javascript\">\n\t\t\tjQuery( document ).ready(function() {\n\t\n\t\t\t\tjQuery(\"#bs-container\").slick({\n\t\t\t\t\tdots: false,\n\t\t\t\t\tinfinite: false,\n\t\t\t\t\tspeed: 1200,\n\t\t\t\t\tautoplay: true,\n\t\t\t\t\tarrows: false,\n\t\t\t\t\tprevArrow: '<button type=\"button\" class=\"slick-prev fa-chevron-left\">Previous<\/button>',\n\t\t\t\t\tnextArrow: '<button type=\"button\" class=\"slick-next fa-chevron-right\">Previous<\/button>',\n\t\t\t\t\tslidesToShow: 5, slidesToScroll: 5,\n\t\t\t\t\tresponsive: [\n\t\t\t\t{\n\t\t\t\t\tbreakpoint: 1200,\n\t\t\t\t\tsettings: {\n\t\t\t\t\t\tslidesToShow: 5,\n\t\t\t\t\t\tslidesToScroll: 5\n\t\t\t\t\t}\n\t\t\t\t},\n\t\t\t\t{\n\t\t\t\t\tbreakpoint: 992,\n\t\t\t\t\tsettings: {\n\t\t\t\t\t\tslidesToShow: 2,\n\t\t\t\t\t\tslidesToScroll: 2\n\t\t\t\t\t}\n\t\t\t\t},\n\t\t\t\t{\n\t\t\t\t\tbreakpoint: 769,\n\t\t\t\t\tsettings: {\n\t\t\t\t\t\tslidesToShow: 1,\n\t\t\t\t\t\tslidesToScroll: 1\n\t\t\t\t\t}\n\t\t\t\t}\n\t\t\t]\t\t\t\t});\n\t\t\t\t\n\t\t\t});\n\t\t<\/script>\n\t\t<div class=\"ns-bs bs-container-wrap\">\n\t\t<span class=\"\"><\/span>\n\t\t\t<div id=\"bs-container\" class=\"bs-container\">\n\t\t\t\t\t\t\t\t<div class=\"bs-brand-box\">\n\t\t\t\t\t<img decoding=\"async\" class=\"bs-img black-white\" src=\"https:\/\/www.forbiz.si\/wp-content\/uploads\/2023\/05\/group-32.png\">\n\t\t\t\t<\/div>\n\t\t\t\t\t\t\t\t<div class=\"bs-brand-box\">\n\t\t\t\t\t<img decoding=\"async\" class=\"bs-img black-white\" src=\"https:\/\/www.forbiz.si\/wp-content\/uploads\/2023\/05\/group-31.png\">\n\t\t\t\t<\/div>\n\t\t\t\t\t\t\t\t<div class=\"bs-brand-box\">\n\t\t\t\t\t<img decoding=\"async\" class=\"bs-img black-white\" src=\"https:\/\/www.forbiz.si\/wp-content\/uploads\/2023\/05\/group-28.png\">\n\t\t\t\t<\/div>\n\t\t\t\t\t\t\t\t<div class=\"bs-brand-box\">\n\t\t\t\t\t<img decoding=\"async\" class=\"bs-img black-white\" src=\"https:\/\/www.forbiz.si\/wp-content\/uploads\/2023\/05\/group-34.jpg\">\n\t\t\t\t<\/div>\n\t\t\t\t\t\t\t\t<div class=\"bs-brand-box\">\n\t\t\t\t\t<img decoding=\"async\" class=\"bs-img black-white\" src=\"https:\/\/www.forbiz.si\/wp-content\/uploads\/2023\/05\/group-33.jpg\">\n\t\t\t\t<\/div>\n\t\t\t\t\t\t\t<\/div>\n\t\t<\/div>\n\t\t[\/vc_column][\/vc_row][vc_empty_space][\/vc_column][\/vc_row]<\/p>\n<\/div>","protected":false},"excerpt":{"rendered":"<p>[vc_row full_width=&#8220;stretch_row&#8220; imgs=&#8220;523&#8243; el_class=&#8220;main-banner&#8220; css=&#8220;.vc_custom_1749128826353{background-image: url(https:\/\/www.forbiz.si\/wp-content\/uploads\/2025\/06\/forbiz-vstopna1-scaled-e1749029703543.jpg?id=2011) !important;}&#8220;][vc_column][vc_row_inner][vc_column_inner width=&#8220;1\/2&#8243; offset=&#8220;vc_col-lg-6 vc_col-md-6&#8243;][\/vc_column_inner][vc_column_inner width=&#8220;1\/2&#8243; offset=&#8220;vc_col-lg-6 vc_col-md-6&#8243;][\/vc_column_inner][\/vc_row_inner][\/vc_column][\/vc_row][vc_row css_animation=&#8220;none&#8220; el_class=&#8220;main-banner-title&#8220;][vc_column][vc_column_text el_class=&#8220;h1-lined&#8220;] Prevoz te\u010dnih namirnica i silos prevozi [\/vc_column_text][\/vc_column][\/vc_row][vc_row css_animation=&#8220;fadeInUp&#8220; el_class=&#8220;hsec&#8220;][vc_column width=&#8220;1\/2&#8243;][vc_single_image image=&#8220;1982&#8243;][\/vc_column][vc_column width=&#8220;1\/2&#8243;][vc_column_text el_class=&#8220;h2-lined&#8220;] Transport cisternama [\/vc_column_text][vc_column_text]Logisti\u010dari u celoj Evropi nas cene, jer garantujemo higijenski besprekoran, brz i pouzdan prevoz mleka, ulja (palmino, kokosovo ulje itd.), \u010dokolade, glukoznih i fruktoznih sirupa, kategorije ADR-3 kao \u0161to su vino, vinski destilati, druga alkoholna pi\u0107a i etanol.[\/vc_column_text][\/vc_column][\/vc_row][vc_row css_animation=&#8220;fadeInUp&#8220; el_class=&#8220;hsec column-reverse&#8220;][vc_column width=&#8220;1\/2&#8243;][vc_column_text el_class=&#8220;h2-lined&#8220;] Silos transport [\/vc_column_text][vc_column_text]Specijalizovani smo za siguran i efikasan prevoz razli\u010ditih sirovina i materijala u silosima po celoj Evropi. Na\u0161e usluge su koncipirane tako da ispunjavaju potrebe stranki u razli\u010ditim granama u kojima je potrebna pouzdanost prevoza i skladi\u0161tenja.[\/vc_column_text][\/vc_column][vc_column width=&#8220;1\/2&#8243;][vc_single_image image=&#8220;1987&#8243;][\/vc_column][\/vc_row][vc_row css_animation=&#8220;fadeInUp&#8220; el_class=&#8220;hsec&#8220;][vc_column width=&#8220;1\/2&#8243;][vc_single_image image=&#8220;2003&#8243;][\/vc_column][vc_column width=&#8220;1\/2&#8243;][vc_column_text el_class=&#8220;h2-lined&#8220;] [&hellip;]<\/p>\n","protected":false},"author":1,"featured_media":0,"parent":0,"menu_order":0,"comment_status":"closed","ping_status":"closed","template":"","meta":{"footnotes":""},"class_list":["post-1465","page","type-page","status-publish","hentry"],"_links":{"self":[{"href":"https:\/\/www.forbiz.si\/sr\/wp-json\/wp\/v2\/pages\/1465","targetHints":{"allow":["GET"]}}],"collection":[{"href":"https:\/\/www.forbiz.si\/sr\/wp-json\/wp\/v2\/pages"}],"about":[{"href":"https:\/\/www.forbiz.si\/sr\/wp-json\/wp\/v2\/types\/page"}],"author":[{"embeddable":true,"href":"https:\/\/www.forbiz.si\/sr\/wp-json\/wp\/v2\/users\/1"}],"replies":[{"embeddable":true,"href":"https:\/\/www.forbiz.si\/sr\/wp-json\/wp\/v2\/comments?post=1465"}],"version-history":[{"count":1,"href":"https:\/\/www.forbiz.si\/sr\/wp-json\/wp\/v2\/pages\/1465\/revisions"}],"predecessor-version":[{"id":2352,"href":"https:\/\/www.forbiz.si\/sr\/wp-json\/wp\/v2\/pages\/1465\/revisions\/2352"}],"wp:attachment":[{"href":"https:\/\/www.forbiz.si\/sr\/wp-json\/wp\/v2\/media?parent=1465"}],"curies":[{"name":"wp","href":"https:\/\/api.w.org\/{rel}","templated":true}]}}