{"id":1444,"date":"2023-05-09T09:29:06","date_gmt":"2023-05-09T08:29:06","guid":{"rendered":"https:\/\/www.forbiz.si\/o-nas\/"},"modified":"2025-06-05T14:17:46","modified_gmt":"2025-06-05T12:17:46","slug":"chi-siamo","status":"publish","type":"page","link":"https:\/\/www.forbiz.si\/it\/chi-siamo\/","title":{"rendered":"Chi siamo"},"content":{"rendered":"<div class=\"wpb-content-wrapper\"><p>[vc_row full_width=&#8221;stretch_row_content_no_spaces&#8221; el_class=&#8221;sp-page-title&#8221;][vc_column]\t\t\n\t\t<div class=\"title-banner\" style=\"background-image: linear-gradient(rgba(0, 0, 0, 0.2),rgba(0, 0, 0, 0.3)),url(https:\/\/www.forbiz.si\/wp-content\/uploads\/2024\/01\/forbiz-vstopna16-9-scaled.jpg);\">\n\n\t\t<\/div>\n\t\t<div class=\"container-for-crumbs\">\n\t\t\t\t<div class=\"breadcrumbs-container\">\n\t\t\t\t\t\t<div class=\"breadcrumbs\">\n\t\t\t\t\t\t\t\n\t<ul class=\"ns-breadcrumbs\">\n\t\t\t<li><a href=\"https:\/\/www.forbiz.si\/it\/\">Casa<\/a><\/li>\n\t\t\t\t<li>Chi siamo<\/li>\n\t<\/ul>\n\t\n\t\t\t\t\t\t\t\t<div class=\"clearfix\"><\/div>\n\t\t\t\t\t\t<\/div>\n\t\t\t\t<\/div>\n\t\t\t\t\t\t\t\t\t<h1 class=\"entry-title\">Forbiz<\/h1>\n\t\t\t\t\t\t\t\t\t\t\t\t\t\t\t\t\t<p class=\"short-desc\">Il successo non arriva mai per caso. Insieme ai nostri partner, stiamo costruendo le basi per una logistica d\u2019eccellenza.<\/p>\n\t\t\t\t\t\t<\/div>\n\n\t\t[\/vc_column][\/vc_row][vc_row][vc_column width=&#8221;1\/2&#8243;][vc_single_image image=&#8221;2092&#8243;][\/vc_column][vc_column width=&#8221;1\/2&#8243;][vc_column_text el_class=&#8221;h2-lined&#8221;]<\/p>\n<h2>Chi siamo?<\/h2>\n<p>[\/vc_column_text][vc_column_text]Forbiz \u00e8 l&#8217;azienda leader in Slovenia per il trasporto di prodotti liquidi e sfusi in tutta Europa.<br \/>\nAttivi dal 2005, siamo un partner affidabile per un trasporto igienico, veloce, sicuro ed concorrenziale in oltre 13 Paesi.<br \/>\nCon il parco veicoli pi\u00f9 grande e tecnologicamente pi\u00f9 avanzato della Slovenia, garantiamo l&#8217;eccellenza dei nostri servizi. L&#8217;et\u00e0 media dei nostri veicoli \u00e8 inferiore ai tre anni.<br \/>\nLe nostre rotte coprono tutta l&#8217;Europa, compresi i paesi dell&#8217;ex Jugoslavia. I nostri camion sono presenti sulle principali arterie stradali dalla Svezia e dai Paesi Bassi fino alla Sicilia e alla Grecia.[\/vc_column_text][\/vc_column][\/vc_row][vc_row][vc_column][vc_empty_space][vc_column_text]Il trasporto di prodotti alimentari liquidi supera i pi\u00f9 elevati standard igienici, tecnici e di personale. Alla fine del 2022 abbiamo acquisito la societ\u00e0 Preza d.o.o., un\u2019azienda di trasporti specializzata in autosilo. Nel 2023 \u00e8 stata effettuata la fusione per incorporazione che ci permette di fornire, oltre al trasporto di prodotti alimentari liquidi, anche quello prodotti sfusi in autosilo.<\/p>\n<p>Il nostro team \u00e8 ben organizzato e sempre a vostra disposizione con attrezzature tecniche all&#8217;avanguardia, conformi agli standard ISO 9001, GMP+, HACCP e SQAS. Con i nostri servizi garantiamo che il vostro carico arrivi nel posto giusto al momento giusto e in perfette condizioni.[\/vc_column_text][\/vc_column][\/vc_row][vc_row full_width=&#8221;stretch_row&#8221; el_class=&#8221;icons-wrap&#8221;][vc_column width=&#8221;1\/3&#8243;]    \r\n    <div class=\"wpb_raw_code wpb_content_element wpb_raw_html  \">\r\n      <div class=\"wpb_wrapper\">\r\n      \r\n      <svg xmlns=\"http:\/\/www.w3.org\/2000\/svg\" width=\"110\" height=\"102.657\" viewBox=\"0 0 110 102.657\">\n  <path id=\"icon-osebje\" d=\"M132.085,98.728l-.172-.075a13.141,13.141,0,0,0,5.269-10.424,13.559,13.559,0,0,0-27.11,0,13.136,13.136,0,0,0,5.269,10.423c-.053.022-.106.044-.156.068-3.338,1.458-7.355,5.281-10.154,8.706a18.411,18.411,0,0,0-2.9-1.683c-.213-.094-.435-.182-.662-.262a14.948,14.948,0,0,0,6.392-12.145,15.408,15.408,0,0,0-30.806,0,14.942,14.942,0,0,0,6.393,12.145c-.231.083-.458.173-.674.267a18.42,18.42,0,0,0-2.893,1.68c-2.8-3.424-6.814-7.246-10.14-8.7l-.172-.075a13.133,13.133,0,0,0,5.269-10.423,13.556,13.556,0,0,0-27.1,0A13.135,13.135,0,0,0,53,98.655c-.053.023-.106.045-.158.068-5.212,2.279-13.069,10.964-14.754,16.32-1.3,4.223-.2,16.04-.081,17.2a10.269,10.269,0,0,0,9.448,10.1l.609,11.743a7.168,7.168,0,0,0,7.09,7.228h6.1c.011,0,.02,0,.031,0s.02,0,.031,0h6.1A7.128,7.128,0,0,0,74.39,155.3a12.023,12.023,0,0,0,2.319.382l.718,13.909a8.009,8.009,0,0,0,7.924,8.074H99.564a7.983,7.983,0,0,0,7.92-7.98l.722-14.006a11.95,11.95,0,0,0,2.323-.384,7.131,7.131,0,0,0,6.971,6.017h6.1c.011,0,.02,0,.031,0s.02,0,.031,0h6.1a7.146,7.146,0,0,0,7.089-7.135l.612-11.839a10.213,10.213,0,0,0,9.439-9.929c.13-1.334,1.224-13.153-.075-17.387-1.688-5.338-9.545-14.025-14.744-16.3ZM67.412,157.651h-4.3v-18.16a1.833,1.833,0,1,0-3.667,0v18.16h-4.3a3.529,3.529,0,0,1-3.428-3.657l-1.764-34.121a1.833,1.833,0,1,0-3.661.189l.96,18.552a6.641,6.641,0,0,1-5.6-6.55c-.331-3.421-.99-12.955-.075-15.933,1.36-4.322,8.493-12.2,12.736-14.055a15.361,15.361,0,0,1,4.612-.918,1.833,1.833,0,0,0,.233-3.621,9.9,9.9,0,1,1,4.236,0,1.833,1.833,0,0,0,.233,3.621,15.3,15.3,0,0,1,4.627.924c2.389,1.043,5.89,4.123,8.731,7.6-4.6,3.992-9.676,10.184-11.1,14.781-1.5,4.828-.224,18.459-.083,19.821a11.378,11.378,0,0,0,5.047,9.381l-.018.419a3.5,3.5,0,0,1-3.426,3.565Zm40.368-29.4a1.833,1.833,0,0,0-1.925,1.736L103.816,169.6A4.339,4.339,0,0,1,99.56,174H94.288V149.112a1.833,1.833,0,1,0-3.666,0V174H85.349a4.365,4.365,0,0,1-4.259-4.5l-2.037-39.52a1.854,1.854,0,0,0-1.925-1.736,1.831,1.831,0,0,0-1.736,1.926l1.125,21.839a8.057,8.057,0,0,1-2.91-.931,7.862,7.862,0,0,1-4.141-6.97c-.388-3.976-1.158-15.062-.073-18.557,1.175-3.8,6.335-10.283,11.267-14.155a18.22,18.22,0,0,1,3.593-2.3,18.579,18.579,0,0,1,5.452-1.085,1.833,1.833,0,0,0,.235-3.622,11.744,11.744,0,1,1,5.031,0,1.833,1.833,0,0,0,.234,3.622,18.577,18.577,0,0,1,5.441,1.08,18.278,18.278,0,0,1,3.606,2.3c4.932,3.87,10.09,10.35,11.268,14.156,1.085,3.493.315,14.578-.083,18.732a7.767,7.767,0,0,1-4.136,6.792,8.072,8.072,0,0,1-2.906.93l1.125-21.838a1.84,1.84,0,0,0-1.742-1.924Zm35.46,3.995a6.566,6.566,0,0,1-5.587,6.374l.96-18.552a1.833,1.833,0,1,0-3.661-.189l-1.769,34.217a3.5,3.5,0,0,1-3.424,3.561h-4.3v-18.16a1.833,1.833,0,0,0-3.667,0v18.16h-4.3a3.523,3.523,0,0,1-3.426-3.643l-.014-.342a11.253,11.253,0,0,0,5.038-9.2c.15-1.537,1.426-15.17-.074-20-1.422-4.6-6.5-10.792-11.1-14.783,2.84-3.481,6.343-6.561,8.747-7.61a15.278,15.278,0,0,1,4.612-.918,1.833,1.833,0,0,0,.232-3.621,9.9,9.9,0,1,1,4.232,0,1.833,1.833,0,0,0,.233,3.621,15.373,15.373,0,0,1,4.627.924c4.227,1.847,11.361,9.725,12.717,14.037.919,2.988.259,12.523-.081,16.122Z\" transform=\"translate(-37.457 -75.01)\" fill=\"#da1a32\"\/>\n<\/svg>\n                <span>\r\n            Personale preparato e sempre a disposizione          <\/span>\r\n    \r\n                  <\/div>\r\n    <\/div>\r\n\r\n    [\/vc_column][vc_column width=&#8221;1\/3&#8243;]    \r\n    <div class=\"wpb_raw_code wpb_content_element wpb_raw_html  \">\r\n      <div class=\"wpb_wrapper\">\r\n      \r\n      <svg xmlns=\"http:\/\/www.w3.org\/2000\/svg\" width=\"178.436\" height=\"81.829\" viewBox=\"0 0 178.436 81.829\">\n  <path id=\"icon-tovornjaki\" d=\"M-1737.509,84.829h-.055a11.175,11.175,0,0,1-10.478-7.386,2.653,2.653,0,0,0-2.635-2.03c-.131,0-.271.006-.417.019-.318.028-.665.041-1.094.041-.361,0-.75-.01-1.063-.018l-.14,0-.415-.009-.2,0h-.018l-.173,0c-.252-.007-.523-.013-.8-.013a4.965,4.965,0,0,0-4.614,2.17c-.442.651-1.426.968-3.009.969h-.154l-6.451,0c-3.722,0-6.33,0-8.724,0a4.628,4.628,0,0,1-3.952-1.837,3.12,3.12,0,0,0-2.713-1.29h-.018c-3.994.011-8.718.022-13.471.022-4.894,0-9.3-.011-13.479-.035h-.03a2.6,2.6,0,0,0-2.72,2.016,11.089,11.089,0,0,1-10.508,7.359,11.053,11.053,0,0,1-7.617-3.055,2.577,2.577,0,0,0-1.748-.9,2.523,2.523,0,0,0-1.691.835,11.149,11.149,0,0,1-7.71,3.118,10.987,10.987,0,0,1-10.417-7.281,2.79,2.79,0,0,0-2.993-2.089h-.111c-1.957.03-4.017.044-6.484.044-1.611,0-3.243-.006-4.822-.012l-.464,0h-.095l-1.683-.007a3.325,3.325,0,0,1-2.319-.563,3.508,3.508,0,0,1-.573-2.376c0-.232-.006-.465-.009-.7V71.8l0-.221v-.014c-.016-1.063-.033-2.162.03-3.221a2.252,2.252,0,0,0-.483-1.679,1.86,1.86,0,0,0-1.417-.54,3.911,3.911,0,0,0-.407.023,5.58,5.58,0,0,1-.584.027c-.231,0-.465-.01-.712-.02l-.041,0-.1,0c-1.117-.046-2.443-.428-2.418-1.99.025-1.6,1.477-1.875,2.34-1.9.759-.019,1.569-.028,2.549-.028.678,0,1.393,0,1.966.007.543,0,1.258.008,1.979.008a3.986,3.986,0,0,0,3.235-1.144c.815-1.042.572-2.52.318-3.542a1.837,1.837,0,0,0-1.474-1.389l-.1-.026c-9.37-2.642-14.89-8.6-16.873-18.21a1.069,1.069,0,0,0-.24-.489V32.122a20.441,20.441,0,0,0,.644-2.489,17.765,17.765,0,0,1,.626-2.395c3.278-8.988,11-14.632,20.148-14.73,7.171-.078,14.891-.113,25.033-.113,4.35,0,8.812.006,12.6.012,3.88.005,8.277.011,12.6.011h2.967c1.333,0,2.138,0,2.718-.595s.572-1.352.572-2.746c0-.288,0-.58,0-.866V7.9c0-.764-.009-1.553.011-2.322.047-1.842.714-2.532,2.461-2.546,2.522-.021,5-.032,7.366-.032,2.49,0,4.926.011,7.241.033a2.493,2.493,0,0,1,1.8.572,2.665,2.665,0,0,1,.58,1.849l0,.158v.019c.031,1.484.064,3.019-.017,4.5a2.236,2.236,0,0,0,.493,1.717,2.292,2.292,0,0,0,1.742.586h.082l.3,0h.052c1.687-.02,3.43-.04,5.141-.04,1.892,0,3.538.025,5.03.076a22.064,22.064,0,0,1,21.274,19.477c.14,1.146.532,2.318,2.39,2.318.071,0,.134,0,.193,0,1.148-.039,2.32-.059,3.484-.059s2.339.02,3.494.059c.062,0,.127,0,.2,0a2.245,2.245,0,0,0,1.662-.569,2.428,2.428,0,0,0,.553-1.818c-.067-3.369-.045-6.76-.023-10.039l0-.683c.011-1.861.641-2.527,2.409-2.544l.744-.007h.005c2.745-.027,5.584-.055,8.38-.055s5.281.029,7.573.087c4,.1,6.641,2.16,7.849,6.11,1.589,5.2,3.164,10.454,4.687,15.538l.063.212c.979,3.27,2.025,6.761,3.044,10.136a6.089,6.089,0,0,1,.249,1.787c0,2.6,0,5.392,0,8.789v1.354c0,3.12,0,6.657,0,10.118,0,2.179-.558,2.746-2.7,2.757-2.815.012-4.9.018-6.772.018-2.634,0-4.967-.01-7.132-.032h-.071a2.563,2.563,0,0,0-2.765,1.939A11.249,11.249,0,0,1-1737.509,84.829Zm-.041-18.664a7.374,7.374,0,0,0-5.213,2.12,7.307,7.307,0,0,0-2.177,5.178,7.39,7.39,0,0,0,2.083,5.249,7.294,7.294,0,0,0,5.174,2.213h.1a7.389,7.389,0,0,0,5.278-2.157,7.332,7.332,0,0,0,2.133-5.241,7.343,7.343,0,0,0-2.143-5.212,7.341,7.341,0,0,0-5.209-2.151Zm-87.331,0a7.408,7.408,0,0,0-7.4,7.363,7.3,7.3,0,0,0,2.162,5.207,7.377,7.377,0,0,0,5.214,2.185h.04a7.389,7.389,0,0,0,7.448-7.258,7.228,7.228,0,0,0-2.088-5.245,7.45,7.45,0,0,0-5.369-2.252Zm-18.7,0a7.405,7.405,0,0,0-7.394,7.348,7.312,7.312,0,0,0,2.145,5.215,7.355,7.355,0,0,0,5.2,2.194h.049a7.414,7.414,0,0,0,5.215-2.091,7.338,7.338,0,0,0,2.207-5.153,7.3,7.3,0,0,0-2.084-5.293,7.409,7.409,0,0,0-5.325-2.219Zm67.118-.235a2.736,2.736,0,0,0-2.31.952c-.769,1.1-.663,2.56-.561,3.975v.017a14.253,14.253,0,0,1,.059,1.65,2.224,2.224,0,0,0,.5,1.667,2.25,2.25,0,0,0,1.69.588h.039c2.107-.017,4.368-.025,6.721-.025,2.219,0,4.451.007,6.823.023h.036a2.24,2.24,0,0,0,1.707-.586,2.117,2.117,0,0,0,.5-1.652,35.777,35.777,0,0,1,0-4.108,2.275,2.275,0,0,0-.484-1.716,2.206,2.206,0,0,0-1.7-.588l-.155,0h-.015c-.819.021-1.714.032-2.819.032-.522,0-1.056,0-1.573,0l-.345,0c-.755,0-1.368-.006-1.928-.006-.315,0-.651,0-.92-.007-.29,0-.618-.007-.942-.007-.449,0-.823.007-1.175.022-.05,0-.108,0-.177,0a13.3,13.3,0,0,1-1.4-.11l-.016,0A14.6,14.6,0,0,0-1776.461,65.931Zm-39.457.218.69,1.434c.144.3.288.56.4.769l0,0a3.055,3.055,0,0,1,.36.781,2.81,2.81,0,0,0,3.2,2.555l.239,0c1.448-.037,3.043-.055,5.019-.055.956,0,1.929,0,2.871.008l.391,0c.977,0,2.129.01,3.271.01h.043c1.35,0,2.721,0,3.93-.005,1.533,0,2.781-.006,3.927-.006,2.527,0,4.558.012,6.392.038h.055a2.052,2.052,0,0,0,1.739-.723,2.045,2.045,0,0,0,.221-1.95c.006-.078.045-.247.065-.338a2.068,2.068,0,0,0-.223-1.858,2.148,2.148,0,0,0-1.714-.661c-4.821,0-9.643,0-14.495,0h-16.385Zm60.3-.013a1.882,1.882,0,0,0-1.534.621,2.148,2.148,0,0,0-.28,1.866l.011.057.016.081a2.929,2.929,0,0,1-.051.352v.013a2.161,2.161,0,0,0,.263,1.838,1.976,1.976,0,0,0,1.537.671c.608.028,1.277.041,2.106.041.5,0,1.006,0,1.453-.009l.214,0c.4,0,.816-.006,1.219-.006h.509a1.856,1.856,0,0,0,1.846-1.288c.226-.618.46-1.224.742-1.952l.134-.349.04-.1q.088-.227.178-.464l.521-1.358h-1.454q-.842,0-1.67,0h-.573q-1.068,0-2.118,0c-1.217,0-2.189-.006-3.06-.018Zm19.233-43.674a2.4,2.4,0,0,0-1.795.576,2.487,2.487,0,0,0-.583,1.837c.045,10.08.048,21.161.01,34.874,0,1.186.263,2.427,2.257,2.649a10.85,10.85,0,0,1,9.57,7.575,2.292,2.292,0,0,0,2.395,1.7h.073c1.114-.017,2.376-.024,3.973-.024q1.19,0,2.38,0h.028q1.209,0,2.413,0c1.825,0,2.83,0,3.525-.686s.7-1.689.7-3.5,0-2.8-.635-3.522c-.652-.737-1.612-.809-3.355-.94h-.012a3.312,3.312,0,0,1-.782-.132,1.716,1.716,0,0,1-1.345-1.918,1.568,1.568,0,0,1,1.4-1.649,9.75,9.75,0,0,1,1.741-.187,4.884,4.884,0,0,1,.579.032,3.893,3.893,0,0,0,.474.031,1.942,1.942,0,0,0,1.473-.554,2.393,2.393,0,0,0,.473-1.9V56.7c-.006-.112-.011-.217-.011-.31s0-.2.01-.3v-.023a2.37,2.37,0,0,0-.49-1.877,2.229,2.229,0,0,0-1.7-.6l-.158,0c-1.238.041-2.474.061-3.674.061-1.886,0-3.759-.051-5.567-.152a10.91,10.91,0,0,1-10.059-9.968c-.237-3.131-.2-6.338-.155-9.44v-.011c.014-1.068.032-2.4.032-3.677,0-1.8.611-2.376,2.515-2.389,1.211-.009,2.518-.013,4.237-.013l3.156,0q1.583,0,3.169,0h1.2l-.211-1.177c-.559-3.106-1.954-4.321-4.975-4.332-.575,0-1.187,0-1.871,0q-1.278,0-2.555,0l-2.558,0c-2.115,0-3.706-.009-5.161-.031h-.119Zm-131.352,43.663a2.033,2.033,0,0,0-1.648.636,2.1,2.1,0,0,0-.291,1.817,2.773,2.773,0,0,1,.042.274,2.385,2.385,0,0,1-.043.3l0,.022a2.119,2.119,0,0,0,.292,1.85,2.043,2.043,0,0,0,1.675.643h.05c1.5-.018,3.127-.026,4.984-.026,2.165,0,4.369.012,6.241.023h.031a2.05,2.05,0,0,0,2.192-1.624,11.393,11.393,0,0,1,.606-1.557l.006-.015.019-.044c.118-.267.252-.571.387-.9l.57-1.381h-1.494c-1.164,0-2.42,0-3.953.006-1.171,0-2.5.005-3.791.005-2.326,0-4.174-.011-5.815-.033h-.058Zm88.23-3.893h0c.065,0,.169.014.269.027l.016,0,.017,0a4.345,4.345,0,0,0,.546.043,1.781,1.781,0,0,0,1.627-.907,3.077,3.077,0,0,0,0-3.111,3.048,3.048,0,0,0-2.662-1.556h-29.382c-16.282,0-33.806-.005-51.63-.044h-.015a2.636,2.636,0,0,0-2.256.865,3.416,3.416,0,0,0-.5,2,2.707,2.707,0,0,0,.585,2.055,2.814,2.814,0,0,0,2.152.661h.042c8.225-.027,16.28-.031,23.075-.031l8.512,0h.2l8.714,0h14.845c7.775,0,16.926,0,25.84-.014ZM-1752.275,38c-1.957,0-2.566,1.16-2.932,2.414-2.267,7.767-7.239,12.887-14.776,15.218-2.1.65-3.439,1.644-3.132,4.385.122,1.092.412,2.256,2.311,2.256h.087c1.71-.025,3.573-.036,5.862-.036,1.191,0,2.449,0,3.461.005h.026c1.249,0,2.374.005,3.491.005q1.732,0,3.463,0t3.461,0c2.4,0,4.281.009,6.1.028h.08a2.238,2.238,0,0,0,1.681-.548,2.278,2.278,0,0,0,.544-1.692c-.054-7.339-.052-13.784.006-19.705a2.386,2.386,0,0,0-.559-1.752,2.229,2.229,0,0,0-1.68-.554l-.218,0c-1.4.036-2.583.059-3.792.059-1.168,0-2.207-.024-3.175-.072C-1752.064,38-1752.164,38-1752.275,38Zm-102.092-21.825a3.007,3.007,0,0,0-2.248.668,3.025,3.025,0,0,0-.665,2.216c.081,9.239.085,19.141.012,31.162a2.842,2.842,0,0,0,.638,2.105,2.833,2.833,0,0,0,2.1.648h.016c11.769-.021,23.428-.032,34.654-.032,11.16,0,22.612.01,34.037.03h.02a2.818,2.818,0,0,0,2.108-.639,2.82,2.82,0,0,0,.633-2.069c-.065-9.841-.067-20.093-.005-31.341a2.817,2.817,0,0,0-.63-2.11,2.743,2.743,0,0,0-2.039-.641h-.045c-6.638.037-13.276.041-18.317.041l-5.363,0h-2.649l-8.6,0-7.457,0q-4.023,0-8.046,0c-4.94,0-11.459,0-18.073-.039Zm77.516.009a2.515,2.515,0,0,0-1.857.6,2.533,2.533,0,0,0-.58,1.878c.045,3.811.039,7.691.033,11.443v.331c0,1.327-.005,2.7-.005,4.049s0,2.748.005,4.089v.336c.006,3.8.012,7.721-.032,11.577a2.558,2.558,0,0,0,.583,1.895,2.4,2.4,0,0,0,1.759.589l.167,0a19.244,19.244,0,0,0,10.62-3.31,18.024,18.024,0,0,0,7.008-9.305,19.233,19.233,0,0,0-.112-11.839,17.434,17.434,0,0,0-6.7-8.818,19.357,19.357,0,0,0-10.844-3.508Zm-86.284,0h-.084a20.471,20.471,0,0,0-9.131,2.156,17.769,17.769,0,0,0-6.833,6.391,18.285,18.285,0,0,0-3.038,9.517,18.186,18.186,0,0,0,2.738,9.654c3.373,5.692,8.7,8.739,15.841,9.057.1,0,.2.006.3.006a2.375,2.375,0,0,0,1.749-.592,2.6,2.6,0,0,0,.6-1.939c-.054-3.79-.046-7.651-.038-11.384v-.137c0-1.655.006-3.027.006-4.318q0-2,0-4.006v-.639c0-3.732,0-7.591.015-11.379a2.436,2.436,0,0,0-.537-1.841A2.117,2.117,0,0,0-1863.135,16.181Zm135.726,15.612a2.039,2.039,0,0,0-1.512.527,2.126,2.126,0,0,0-.508,1.6c.021,1.257.015,2.524.01,3.75-.007,1.532-.015,3.117.029,4.694a7.342,7.342,0,0,0,7.092,7.4c1,.055,2.069.08,3.376.08.9,0,1.8-.011,2.67-.023h.109c.884-.011,1.8-.023,2.717-.023h1.343l-.385-1.287q-.4-1.32-.788-2.63l-.15-.5-.172-.574-.245-.816-.037-.124c-1.1-3.677-2.142-7.15-3.2-10.711a1.783,1.783,0,0,0-.9-1.134,2.375,2.375,0,0,0-1.1-.221l-.5,0c-1.228.008-2.656.017-4.073.017-1.367,0-2.578-.009-3.7-.027Zm-70.9-19.411c1.232,0,2.336.022,3.375.068.075,0,.15.005.221.005,2.139,0,2.221-1.676,2.261-2.481a3.273,3.273,0,0,0-.626-2.492,2.261,2.261,0,0,0-1.713-.647,4.787,4.787,0,0,0-.75.064,5.851,5.851,0,0,1-.9.059c-.258,0-.519-.01-.795-.02l-.043,0c-.279-.011-.6-.023-.915-.023h-.006c-.378,0-.756.008-1.123.016l-.078,0-.075,0c-.361.008-.734.016-1.095.016-.549,0-1-.017-1.409-.054-.108-.01-.219-.015-.331-.015a1.9,1.9,0,0,0-1.51.6,2.391,2.391,0,0,0-.35,2l0,.028,0,.021.008.06a2.633,2.633,0,0,1-.039.376,2.177,2.177,0,0,0,.342,1.848,2.075,2.075,0,0,0,1.669.628l.1,0C-1800.946,12.408-1799.609,12.382-1798.308,12.382Z\" transform=\"translate(1886 -3)\" fill=\"#da1a32\"\/>\n<\/svg>\n                <span>\r\n            Parco macchine e altre attrezzature all'avanguardia          <\/span>\r\n    \r\n                  <\/div>\r\n    <\/div>\r\n\r\n    [\/vc_column][vc_column width=&#8221;1\/3&#8243;]    \r\n    <div class=\"wpb_raw_code wpb_content_element wpb_raw_html  \">\r\n      <div class=\"wpb_wrapper\">\r\n      \r\n      <svg xmlns=\"http:\/\/www.w3.org\/2000\/svg\" width=\"162.758\" height=\"87.235\" viewBox=\"0 0 162.758 87.235\">\n  <path id=\"icon-partnerji\" d=\"M175.007,331.82l-17.831-43.546a4.971,4.971,0,0,0-6.475-2.712l-10.15,4.162a4.964,4.964,0,0,0-3.077,4.641l-5.817,2.38h0a2.266,2.266,0,0,0-1.352,2.571l.063.287c-5.971.844-8.987-.772-12.992-2.924a36.132,36.132,0,0,0-13.346-4.706c-13.491-1.855-27.625,2.45-29.643,4.149a19.157,19.157,0,0,0-2.128,2.193,29.155,29.155,0,0,0-11.447,3.418c-1.384.632-2.693,1.225-3.993,1.722a9.849,9.849,0,0,1-1.691.472l.04-.443h0a2.263,2.263,0,0,0-1.654-2.389l-6.463-1.769a5.112,5.112,0,0,0-3.726-4.438l-11.151-3.054h0a5.108,5.108,0,0,0-6.27,3.574L12.8,343.195a5.112,5.112,0,0,0,3.581,6.265l11.153,3.056A5.109,5.109,0,0,0,33,350.59l14.779,4.05a2.294,2.294,0,0,0,.6.081,2.26,2.26,0,0,0,2.25-2.054l.108-1.171h0a18.75,18.75,0,0,0,1.867.917l-.231.264a5.952,5.952,0,0,0-1.064,5.588,6.543,6.543,0,0,0,3.339,4.24l1.3.7h0a6.608,6.608,0,0,0,5.658.3c.023,0,.044-.023.067-.031h0a6.522,6.522,0,0,0,3.1,3.5l1.3.69h0a6.617,6.617,0,0,0,5.665.3,2.572,2.572,0,0,0,.59-.329,6.59,6.59,0,0,0,2.373,2.119l1.3.691h0a6.686,6.686,0,0,0,7.619-.923,5.9,5.9,0,0,0,.681.956,5.471,5.471,0,0,0,4.084,1.915l1.1.028h.149a5.512,5.512,0,0,0,4.2-1.9,5.789,5.789,0,0,0,.472-.627l1.617,1.109h0a2.266,2.266,0,0,0,1.009.379l4.841.576h0a7.127,7.127,0,0,0,.859.052,6.965,6.965,0,0,0,5.6-2.812l1.286-1.708,1.173.142h0a6.973,6.973,0,0,0,6.517-2.816l.742-1A7.043,7.043,0,0,0,119.3,359.2l1.136.136a6.983,6.983,0,0,0,6.475-2.76l.756-1.008h0a7.017,7.017,0,0,0,1.377-5.135h.068a7.174,7.174,0,0,0,6.209-3.586l.364-.632a24.961,24.961,0,0,1,4.456-1.477l.095.429h0a2.258,2.258,0,0,0,3.065,1.613L156.7,341.3a4.989,4.989,0,0,0,3.579,1.519,4.919,4.919,0,0,0,1.873-.371l10.161-4.16h0a4.967,4.967,0,0,0,2.7-6.47ZM29.16,348.1a.577.577,0,0,1-.441.06L17.567,345.1a.588.588,0,0,1-.4-.721L30.25,296.607a.594.594,0,0,1,.567-.427.627.627,0,0,1,.149.02l11.151,3.056a.589.589,0,0,1,.408.715l-13.09,47.78a.58.58,0,0,1-.274.35Zm5.352-1.771,11.657-42.542,4.312,1.181-4.114,44.627ZM59.906,359.31h0a2.046,2.046,0,0,1-1.843-.1l-1.3-.7h0a2.052,2.052,0,0,1-1.088-1.381c-.1-.4-.227-1.118.086-1.477l3.414-3.894a2.543,2.543,0,0,1,1.61-.892,1.163,1.163,0,0,1,.607.175l.842.5h0a1.481,1.481,0,0,1,.639,1.813l-1.68,4.518a2.212,2.212,0,0,1-1.292,1.441Zm10.113,4.464a2.05,2.05,0,0,1-1.843-.1l-1.3-.7h0a2.186,2.186,0,0,1-.811-3.111l4.564-6.988h0a1.5,1.5,0,0,1,2.025-.471l.842.5h0a1.485,1.485,0,0,1,.639,1.815l-2.83,7.613a2.216,2.216,0,0,1-1.291,1.44Zm11.214,1.358a2.211,2.211,0,0,1-1.29,1.432,2.044,2.044,0,0,1-1.843-.1l-1.3-.691A2.185,2.185,0,0,1,76,362.663l4.564-6.988a1.494,1.494,0,0,1,2.025-.469l.84.5h0a1.484,1.484,0,0,1,.64,1.815Zm9.179,2.406h0a.99.99,0,0,1-.838.366l-1.1-.027h0a.981.981,0,0,1-.789-.371.964.964,0,0,1-.262-.824l.709-6.239h0a.569.569,0,0,1,.566-.505h.052l.733.052A.548.548,0,0,1,90,360.5l.668,6.073a1.129,1.129,0,0,1-.252.97Zm11.864-.06-4.288-.511-2.944-2.028L94.5,360c-.016-.145-.038-.291-.067-.432l.033.027,10.112,6.928h0a2.4,2.4,0,0,1-2.3.957Zm25.657-21.86-3.15-1.75-.959-.658-15.18-10.4a2.261,2.261,0,1,0-2.555,3.729l15,10.294,2.718,2.723a2.508,2.508,0,0,1,.231,3.306l-.756,1.006a2.419,2.419,0,0,1-2.319.991l-4.251-.508L98.929,342.18a2.26,2.26,0,0,0-2.553,3.729l17.981,12.32a2.45,2.45,0,0,1-.065,2.908l-.74,1a2.407,2.407,0,0,1-2.336,1.01l-2.345-.284-.122-.017-1.866-.222-9.867-6.761a2.259,2.259,0,0,0-3.15.588,2.221,2.221,0,0,0-.38,1.036,5.085,5.085,0,0,0-3.691-2.011l-.733-.053a5.048,5.048,0,0,0-.586,0,6.019,6.019,0,0,0-2.734-3.605l-.842-.5h0a6,6,0,0,0-6.694.364,6.007,6.007,0,0,0-2.389-2.653l-.84-.5a6.006,6.006,0,0,0-8.05,1.78,6,6,0,0,0-2.384-2.644l-.842-.5a6.187,6.187,0,0,0-7.89,1.591,15.552,15.552,0,0,1-4.62-2.277l3.5-37.945a14.58,14.58,0,0,0,3.721-.866c1.437-.546,2.874-1.2,4.265-1.834a49.6,49.6,0,0,1,5.6-2.285l-.782,1.088a97.279,97.279,0,0,1-7.763,9.933,2.262,2.262,0,0,0-.4,2.546c2.667,5.48,11.794,5.185,15.8,4.185a2.267,2.267,0,0,0,.826-.4l7-5.364,15.248,1.246,28.164,17.237L132,339.881a2.423,2.423,0,0,1,.411,2.94l-1.022,1.775a2.582,2.582,0,0,1-3.46,1.024Zm9.276-4.781h0a7.072,7.072,0,0,0-1.955-4.093l-5.835-6.062h0a2.222,2.222,0,0,0-.45-.36L100.093,312.66a2.244,2.244,0,0,0-1-.326l-16.652-1.36h0a2.264,2.264,0,0,0-1.559.458l-7.31,5.6a14.482,14.482,0,0,1-9.2-.863c2.386-2.749,4.7-5.98,6.776-8.885h0a53.8,53.8,0,0,1,6.064-7.648,55.284,55.284,0,0,1,26.188-3.189,31.882,31.882,0,0,1,11.824,4.2c4.319,2.329,8.422,4.533,16.088,3.378l7.856,36.294c-.663.153-1.318.322-1.96.516Zm-2.088-40.629,3.735-1.529,15.791,38.57-10.58,4.333Zm35.458,33.9-10.163,4.162a.447.447,0,0,1-.574-.241l-17.829-43.546a.448.448,0,0,1,.241-.574l10.161-4.16a.449.449,0,0,1,.574.24l17.834,43.548a.444.444,0,0,1-.244.572Z\" transform=\"translate(-12.62 -285.193)\" fill=\"#da1a32\"\/>\n<\/svg>\n                <span>\r\n            Rapporto di collaborazione a lungo termine con i nostri partner          <\/span>\r\n    \r\n                  <\/div>\r\n    <\/div>\r\n\r\n    [\/vc_column][\/vc_row][vc_row full_width=&#8221;stretch_row&#8221; el_class=&#8221;sp-gray-bg&#8221;][vc_column][vc_single_image image=&#8221;1075&#8243; alignment=&#8221;center&#8221;][vc_row el_class=\"logo-belt\"][vc_column]\t\t<script type=\"text\/javascript\">\n\t\t\tjQuery( document ).ready(function() {\n\t\n\t\t\t\tjQuery(\"#bs-container\").slick({\n\t\t\t\t\tdots: false,\n\t\t\t\t\tinfinite: false,\n\t\t\t\t\tspeed: 1200,\n\t\t\t\t\tautoplay: true,\n\t\t\t\t\tarrows: false,\n\t\t\t\t\tprevArrow: '<button type=\"button\" class=\"slick-prev fa-chevron-left\">Previous<\/button>',\n\t\t\t\t\tnextArrow: '<button type=\"button\" class=\"slick-next fa-chevron-right\">Previous<\/button>',\n\t\t\t\t\tslidesToShow: 5, slidesToScroll: 5,\n\t\t\t\t\tresponsive: [\n\t\t\t\t{\n\t\t\t\t\tbreakpoint: 1200,\n\t\t\t\t\tsettings: {\n\t\t\t\t\t\tslidesToShow: 5,\n\t\t\t\t\t\tslidesToScroll: 5\n\t\t\t\t\t}\n\t\t\t\t},\n\t\t\t\t{\n\t\t\t\t\tbreakpoint: 992,\n\t\t\t\t\tsettings: {\n\t\t\t\t\t\tslidesToShow: 2,\n\t\t\t\t\t\tslidesToScroll: 2\n\t\t\t\t\t}\n\t\t\t\t},\n\t\t\t\t{\n\t\t\t\t\tbreakpoint: 769,\n\t\t\t\t\tsettings: {\n\t\t\t\t\t\tslidesToShow: 1,\n\t\t\t\t\t\tslidesToScroll: 1\n\t\t\t\t\t}\n\t\t\t\t}\n\t\t\t]\t\t\t\t});\n\t\t\t\t\n\t\t\t});\n\t\t<\/script>\n\t\t<div class=\"ns-bs bs-container-wrap\">\n\t\t<span class=\"\"><\/span>\n\t\t\t<div id=\"bs-container\" class=\"bs-container\">\n\t\t\t\t\t\t\t\t<div class=\"bs-brand-box\">\n\t\t\t\t\t<img decoding=\"async\" class=\"bs-img black-white\" src=\"https:\/\/www.forbiz.si\/wp-content\/uploads\/2023\/05\/group-32.png\">\n\t\t\t\t<\/div>\n\t\t\t\t\t\t\t\t<div class=\"bs-brand-box\">\n\t\t\t\t\t<img decoding=\"async\" class=\"bs-img black-white\" src=\"https:\/\/www.forbiz.si\/wp-content\/uploads\/2023\/05\/group-31.png\">\n\t\t\t\t<\/div>\n\t\t\t\t\t\t\t\t<div class=\"bs-brand-box\">\n\t\t\t\t\t<img decoding=\"async\" class=\"bs-img black-white\" src=\"https:\/\/www.forbiz.si\/wp-content\/uploads\/2023\/05\/group-28.png\">\n\t\t\t\t<\/div>\n\t\t\t\t\t\t\t\t<div class=\"bs-brand-box\">\n\t\t\t\t\t<img decoding=\"async\" class=\"bs-img black-white\" src=\"https:\/\/www.forbiz.si\/wp-content\/uploads\/2023\/05\/group-34.jpg\">\n\t\t\t\t<\/div>\n\t\t\t\t\t\t\t\t<div class=\"bs-brand-box\">\n\t\t\t\t\t<img decoding=\"async\" class=\"bs-img black-white\" src=\"https:\/\/www.forbiz.si\/wp-content\/uploads\/2023\/05\/group-33.jpg\">\n\t\t\t\t<\/div>\n\t\t\t\t\t\t\t<\/div>\n\t\t<\/div>\n\t\t[\/vc_column][\/vc_row][\/vc_column][\/vc_row]<\/p>\n<\/div>","protected":false},"excerpt":{"rendered":"<p>[vc_row full_width=&#8221;stretch_row_content_no_spaces&#8221; el_class=&#8221;sp-page-title&#8221;][vc_column][\/vc_column][\/vc_row][vc_row][vc_column width=&#8221;1\/2&#8243;][vc_single_image image=&#8221;2092&#8243;][\/vc_column][vc_column width=&#8221;1\/2&#8243;][vc_column_text el_class=&#8221;h2-lined&#8221;] Chi siamo? [\/vc_column_text][vc_column_text]Forbiz \u00e8 l&#8217;azienda leader in Slovenia per il trasporto di prodotti liquidi e sfusi in tutta Europa. Attivi dal 2005, siamo un partner affidabile per un trasporto igienico, veloce, sicuro ed concorrenziale in oltre 13 Paesi. Con il parco veicoli pi\u00f9 grande e tecnologicamente pi\u00f9 avanzato della Slovenia, garantiamo l&#8217;eccellenza dei nostri servizi. L&#8217;et\u00e0 media dei nostri veicoli \u00e8 inferiore ai tre anni. Le nostre rotte coprono tutta l&#8217;Europa, compresi i paesi dell&#8217;ex Jugoslavia. I nostri camion sono presenti sulle principali arterie stradali dalla Svezia e dai Paesi Bassi fino alla Sicilia e alla Grecia.[\/vc_column_text][\/vc_column][\/vc_row][vc_row][vc_column][vc_empty_space][vc_column_text]Il trasporto di prodotti alimentari liquidi supera i pi\u00f9 elevati standard igienici, tecnici e di personale. Alla [&hellip;]<\/p>\n","protected":false},"author":1,"featured_media":0,"parent":0,"menu_order":1,"comment_status":"closed","ping_status":"closed","template":"","meta":{"footnotes":""},"class_list":["post-1444","page","type-page","status-publish","hentry"],"_links":{"self":[{"href":"https:\/\/www.forbiz.si\/it\/wp-json\/wp\/v2\/pages\/1444","targetHints":{"allow":["GET"]}}],"collection":[{"href":"https:\/\/www.forbiz.si\/it\/wp-json\/wp\/v2\/pages"}],"about":[{"href":"https:\/\/www.forbiz.si\/it\/wp-json\/wp\/v2\/types\/page"}],"author":[{"embeddable":true,"href":"https:\/\/www.forbiz.si\/it\/wp-json\/wp\/v2\/users\/1"}],"replies":[{"embeddable":true,"href":"https:\/\/www.forbiz.si\/it\/wp-json\/wp\/v2\/comments?post=1444"}],"version-history":[{"count":1,"href":"https:\/\/www.forbiz.si\/it\/wp-json\/wp\/v2\/pages\/1444\/revisions"}],"predecessor-version":[{"id":2340,"href":"https:\/\/www.forbiz.si\/it\/wp-json\/wp\/v2\/pages\/1444\/revisions\/2340"}],"wp:attachment":[{"href":"https:\/\/www.forbiz.si\/it\/wp-json\/wp\/v2\/media?parent=1444"}],"curies":[{"name":"wp","href":"https:\/\/api.w.org\/{rel}","templated":true}]}}