{"id":1463,"date":"2023-05-09T08:47:12","date_gmt":"2023-05-09T07:47:12","guid":{"rendered":"https:\/\/www.forbiz.si\/domov\/"},"modified":"2025-06-05T11:12:39","modified_gmt":"2025-06-05T09:12:39","slug":"domov","status":"publish","type":"page","link":"https:\/\/www.forbiz.si\/de\/","title":{"rendered":"Startseite"},"content":{"rendered":"<div class=\"wpb-content-wrapper\"><p>[vc_row full_width=&#8220;stretch_row&#8220; imgs=&#8220;523&#8243; el_class=&#8220;main-banner&#8220; css=&#8220;.vc_custom_1749114689953{background-image: url(https:\/\/www.forbiz.si\/wp-content\/uploads\/2025\/06\/forbiz-vstopna1-scaled-e1749029703543.jpg?id=2009) !important;}&#8220;][vc_column][vc_row_inner][vc_column_inner width=&#8220;1\/2&#8243; offset=&#8220;vc_col-lg-6 vc_col-md-6&#8243;][\/vc_column_inner][vc_column_inner width=&#8220;1\/2&#8243; offset=&#8220;vc_col-lg-6 vc_col-md-6&#8243;][\/vc_column_inner][\/vc_row_inner][\/vc_column][\/vc_row][vc_row css_animation=&#8220;none&#8220; el_class=&#8220;main-banner-title&#8220;][vc_column][vc_column_text el_class=&#8220;h1-lined&#8220;]<\/p>\n<h1 style=\"text-align: center;\">Transport von fl\u00fcssigen Lebensmitteln und Silotransporte<\/h1>\n<p>[\/vc_column_text][\/vc_column][\/vc_row][vc_row css_animation=&#8220;fadeInUp&#8220; el_class=&#8220;hsec&#8220;][vc_column width=&#8220;1\/2&#8243;][vc_single_image image=&#8220;1980&#8243;][\/vc_column][vc_column width=&#8220;1\/2&#8243;][vc_column_text el_class=&#8220;h2-lined&#8220;]<\/p>\n<h2 style=\"text-align: left;\">Transport mit Tanklastwagen<\/h2>\n<p>[\/vc_column_text][vc_column_text]Uns sch\u00e4tzen Logistikunternehmen in ganz Europa, denn wir garantieren einen hygienisch einwandfreien, schnellen und zuverl\u00e4ssigen Transport von Milch, \u00d6len (u. a. Palm- und Kokos\u00f6l), Schokolade, Glukose- und Fruktosesirupen, brennbaren Lebensmitteln der Klassen ADR-3 wie Wein und Weindestillate, Spirituosen und Ethanol.[\/vc_column_text]\t\t\n\t\t<a href=\"https:\/\/www.forbiz.si\/de\/transport-mit-tanklastwagen\/\" target=\"\" class=\"btn  btn-default btn-lg \" id=\"\">Mehr dazu \u2026<\/a>\n\n\t\t[\/vc_column][\/vc_row][vc_row css_animation=&#8220;fadeInUp&#8220; el_class=&#8220;hsec column-reverse&#8220;][vc_column width=&#8220;1\/2&#8243;][vc_column_text el_class=&#8220;h2-lined&#8220;]<\/p>\n<h2 style=\"text-align: left;\">Silotransporte<\/h2>\n<p>[\/vc_column_text][vc_column_text]Wir sind europaweit spezialisiert auf den sicheren und effizienten Transport von unterschiedlichen Rohstoffen und Materialien in Silos. Unsere Services erf\u00fcllen die Bed\u00fcrfnisse von Kunden in vielen Branchen, in denen eine zuverl\u00e4ssige Bef\u00f6rderung und Lagerung erforderlich ist.[\/vc_column_text]\t\t\n\t\t<a href=\"https:\/\/www.forbiz.si\/de\/silotransporte\/\" target=\"\" class=\"btn  btn-default btn-lg \" id=\"\">Mehr dazu \u2026<\/a>\n\n\t\t[\/vc_column][vc_column width=&#8220;1\/2&#8243;][vc_single_image image=&#8220;1985&#8243;][\/vc_column][\/vc_row][vc_row css_animation=&#8220;fadeInUp&#8220; el_class=&#8220;hsec&#8220;][vc_column width=&#8220;1\/2&#8243;][vc_single_image image=&#8220;2001&#8243;][\/vc_column][vc_column width=&#8220;1\/2&#8243;][vc_column_text el_class=&#8220;h2-lined&#8220;]<\/p>\n<h2 style=\"text-align: left;\">Sammlung und Transport von Milch<\/h2>\n<p>[\/vc_column_text][vc_column_text]Die Milchsammlung bei den Landwirten ist ein wichtiger Teil des logistischen Verfahrens der Milchverarbeitung. F\u00fcr diese sensible Aufgabe haben wir eine gr\u00f6\u00dfere Anzahl an Spezialfahrzeugen. Wir legen gro\u00dfen Wert auf genaue Messungen, die beim Milchtransport entscheidend sind.[\/vc_column_text]\t\t\n\t\t<a href=\"https:\/\/www.forbiz.si\/de\/sammlung-und-transport-von-milch\/\" target=\"\" class=\"btn  btn-default btn-lg \" id=\"\">Mehr dazu \u2026<\/a>\n\n\t\t[\/vc_column][\/vc_row][vc_row css_animation=&#8220;fadeInUp&#8220; el_class=&#8220;hsec column-reverse&#8220;][vc_column width=&#8220;1\/2&#8243;][vc_column_text el_class=&#8220;h2-lined&#8220;]<\/p>\n<h2 style=\"text-align: left;\">Tankwaschanlage<\/h2>\n<p>[\/vc_column_text][vc_column_text]In unserem Logistikzentrum ist eine zertifizierte Tankwaschanlage in Betrieb. Sie befindet sich in Naklo, kurz nach der Ausfahrt von der Autobahn E61, die Ljubljana mit dem Karawankentunnel verbindet.[\/vc_column_text]\t\t\n\t\t<a href=\"https:\/\/www.forbiz.si\/de\/tankwaschanlage\/\" target=\"\" class=\"btn  btn-default btn-lg \" id=\"\">Mehr dazu \u2026<\/a>\n\n\t\t[\/vc_column][vc_column width=&#8220;1\/2&#8243;][vc_single_image image=&#8220;1952&#8243;][\/vc_column][\/vc_row][vc_row full_width=&#8220;stretch_row&#8220; el_class=&#8220;sp-gray-bg&#8220;][vc_column][vc_row_inner el_class=&#8220;hsec hsecimgleft hsec2&#8243;][vc_column_inner width=&#8220;1\/2&#8243;][vc_single_image image=&#8220;1217&#8243;][\/vc_column_inner][vc_column_inner width=&#8220;1\/2&#8243;][vc_column_text el_class=&#8220;h2-lined&#8220;]<\/p>\n<h2 style=\"text-align: left;\">Transporte in Europa<\/h2>\n<p>[\/vc_column_text][vc_column_text]Unser strategisch g\u00fcnstiger Standort ist ein entscheidender Vorteil f\u00fcr unser Unternehmen. Wir sind in Slowenien, zwischen Ljubljana und dem Karawankentunnel, also praktisch in der Mitte von Europa. Diese ausgezeichnete geografische Lage erm\u00f6glicht uns eine vollst\u00e4ndige Anbindung an die wichtigsten europ\u00e4ischen Handelsrouten. Nur einen Steinwurf von Wien und Triest entfernt, sind wir Ihre Br\u00fccke f\u00fcr den Ausbau von Gesch\u00e4ften in der gesamten Region.[\/vc_column_text]\t\t\n\t\t<a href=\"https:\/\/www.forbiz.si\/de\/ueber-uns\/\" target=\"\" class=\"btn  btn-default btn-lg \" id=\"\">Mehr dazu \u2026<\/a>\n\n\t\t[\/vc_column_inner][\/vc_row_inner][vc_row el_class=\"logo-belt\"][vc_column]\t\t<script type=\"text\/javascript\">\n\t\t\tjQuery( document ).ready(function() {\n\t\n\t\t\t\tjQuery(\"#bs-container\").slick({\n\t\t\t\t\tdots: false,\n\t\t\t\t\tinfinite: false,\n\t\t\t\t\tspeed: 1200,\n\t\t\t\t\tautoplay: true,\n\t\t\t\t\tarrows: false,\n\t\t\t\t\tprevArrow: '<button type=\"button\" class=\"slick-prev fa-chevron-left\">Previous<\/button>',\n\t\t\t\t\tnextArrow: '<button type=\"button\" class=\"slick-next fa-chevron-right\">Previous<\/button>',\n\t\t\t\t\tslidesToShow: 5, slidesToScroll: 5,\n\t\t\t\t\tresponsive: [\n\t\t\t\t{\n\t\t\t\t\tbreakpoint: 1200,\n\t\t\t\t\tsettings: {\n\t\t\t\t\t\tslidesToShow: 5,\n\t\t\t\t\t\tslidesToScroll: 5\n\t\t\t\t\t}\n\t\t\t\t},\n\t\t\t\t{\n\t\t\t\t\tbreakpoint: 992,\n\t\t\t\t\tsettings: {\n\t\t\t\t\t\tslidesToShow: 2,\n\t\t\t\t\t\tslidesToScroll: 2\n\t\t\t\t\t}\n\t\t\t\t},\n\t\t\t\t{\n\t\t\t\t\tbreakpoint: 769,\n\t\t\t\t\tsettings: {\n\t\t\t\t\t\tslidesToShow: 1,\n\t\t\t\t\t\tslidesToScroll: 1\n\t\t\t\t\t}\n\t\t\t\t}\n\t\t\t]\t\t\t\t});\n\t\t\t\t\n\t\t\t});\n\t\t<\/script>\n\t\t<div class=\"ns-bs bs-container-wrap\">\n\t\t<span class=\"\"><\/span>\n\t\t\t<div id=\"bs-container\" class=\"bs-container\">\n\t\t\t\t\t\t\t\t<div class=\"bs-brand-box\">\n\t\t\t\t\t<img decoding=\"async\" class=\"bs-img black-white\" src=\"https:\/\/www.forbiz.si\/wp-content\/uploads\/2023\/05\/group-32.png\">\n\t\t\t\t<\/div>\n\t\t\t\t\t\t\t\t<div class=\"bs-brand-box\">\n\t\t\t\t\t<img decoding=\"async\" class=\"bs-img black-white\" src=\"https:\/\/www.forbiz.si\/wp-content\/uploads\/2023\/05\/group-31.png\">\n\t\t\t\t<\/div>\n\t\t\t\t\t\t\t\t<div class=\"bs-brand-box\">\n\t\t\t\t\t<img decoding=\"async\" class=\"bs-img black-white\" src=\"https:\/\/www.forbiz.si\/wp-content\/uploads\/2023\/05\/group-28.png\">\n\t\t\t\t<\/div>\n\t\t\t\t\t\t\t\t<div class=\"bs-brand-box\">\n\t\t\t\t\t<img decoding=\"async\" class=\"bs-img black-white\" src=\"https:\/\/www.forbiz.si\/wp-content\/uploads\/2023\/05\/group-34.jpg\">\n\t\t\t\t<\/div>\n\t\t\t\t\t\t\t\t<div class=\"bs-brand-box\">\n\t\t\t\t\t<img decoding=\"async\" class=\"bs-img black-white\" src=\"https:\/\/www.forbiz.si\/wp-content\/uploads\/2023\/05\/group-33.jpg\">\n\t\t\t\t<\/div>\n\t\t\t\t\t\t\t<\/div>\n\t\t<\/div>\n\t\t[\/vc_column][\/vc_row][vc_empty_space][\/vc_column][\/vc_row]<\/p>\n<\/div>","protected":false},"excerpt":{"rendered":"<p>[vc_row full_width=&#8220;stretch_row&#8220; imgs=&#8220;523&#8243; el_class=&#8220;main-banner&#8220; css=&#8220;.vc_custom_1749114689953{background-image: url(https:\/\/www.forbiz.si\/wp-content\/uploads\/2025\/06\/forbiz-vstopna1-scaled-e1749029703543.jpg?id=2009) !important;}&#8220;][vc_column][vc_row_inner][vc_column_inner width=&#8220;1\/2&#8243; offset=&#8220;vc_col-lg-6 vc_col-md-6&#8243;][\/vc_column_inner][vc_column_inner width=&#8220;1\/2&#8243; offset=&#8220;vc_col-lg-6 vc_col-md-6&#8243;][\/vc_column_inner][\/vc_row_inner][\/vc_column][\/vc_row][vc_row css_animation=&#8220;none&#8220; el_class=&#8220;main-banner-title&#8220;][vc_column][vc_column_text el_class=&#8220;h1-lined&#8220;] Transport von fl\u00fcssigen Lebensmitteln und Silotransporte [\/vc_column_text][\/vc_column][\/vc_row][vc_row css_animation=&#8220;fadeInUp&#8220; el_class=&#8220;hsec&#8220;][vc_column width=&#8220;1\/2&#8243;][vc_single_image image=&#8220;1980&#8243;][\/vc_column][vc_column width=&#8220;1\/2&#8243;][vc_column_text el_class=&#8220;h2-lined&#8220;] Transport mit Tanklastwagen [\/vc_column_text][vc_column_text]Uns sch\u00e4tzen Logistikunternehmen in ganz Europa, denn wir garantieren einen hygienisch einwandfreien, schnellen und zuverl\u00e4ssigen Transport von Milch, \u00d6len (u. a. Palm- und Kokos\u00f6l), Schokolade, Glukose- und Fruktosesirupen, brennbaren Lebensmitteln der Klassen ADR-3 wie Wein und Weindestillate, Spirituosen und Ethanol.[\/vc_column_text][\/vc_column][\/vc_row][vc_row css_animation=&#8220;fadeInUp&#8220; el_class=&#8220;hsec column-reverse&#8220;][vc_column width=&#8220;1\/2&#8243;][vc_column_text el_class=&#8220;h2-lined&#8220;] Silotransporte [\/vc_column_text][vc_column_text]Wir sind europaweit spezialisiert auf den sicheren und effizienten Transport von unterschiedlichen Rohstoffen und Materialien in Silos. Unsere Services erf\u00fcllen die Bed\u00fcrfnisse von Kunden in vielen Branchen, in denen eine zuverl\u00e4ssige Bef\u00f6rderung und Lagerung erforderlich ist.[\/vc_column_text][\/vc_column][vc_column width=&#8220;1\/2&#8243;][vc_single_image image=&#8220;1985&#8243;][\/vc_column][\/vc_row][vc_row css_animation=&#8220;fadeInUp&#8220; el_class=&#8220;hsec&#8220;][vc_column width=&#8220;1\/2&#8243;][vc_single_image image=&#8220;2001&#8243;][\/vc_column][vc_column [&hellip;]<\/p>\n","protected":false},"author":1,"featured_media":0,"parent":0,"menu_order":0,"comment_status":"closed","ping_status":"closed","template":"","meta":{"footnotes":""},"class_list":["post-1463","page","type-page","status-publish","hentry"],"_links":{"self":[{"href":"https:\/\/www.forbiz.si\/de\/wp-json\/wp\/v2\/pages\/1463","targetHints":{"allow":["GET"]}}],"collection":[{"href":"https:\/\/www.forbiz.si\/de\/wp-json\/wp\/v2\/pages"}],"about":[{"href":"https:\/\/www.forbiz.si\/de\/wp-json\/wp\/v2\/types\/page"}],"author":[{"embeddable":true,"href":"https:\/\/www.forbiz.si\/de\/wp-json\/wp\/v2\/users\/1"}],"replies":[{"embeddable":true,"href":"https:\/\/www.forbiz.si\/de\/wp-json\/wp\/v2\/comments?post=1463"}],"version-history":[{"count":2,"href":"https:\/\/www.forbiz.si\/de\/wp-json\/wp\/v2\/pages\/1463\/revisions"}],"predecessor-version":[{"id":2323,"href":"https:\/\/www.forbiz.si\/de\/wp-json\/wp\/v2\/pages\/1463\/revisions\/2323"}],"wp:attachment":[{"href":"https:\/\/www.forbiz.si\/de\/wp-json\/wp\/v2\/media?parent=1463"}],"curies":[{"name":"wp","href":"https:\/\/api.w.org\/{rel}","templated":true}]}}